{"id":1750,"date":"2025-06-06T09:40:20","date_gmt":"2025-06-06T07:40:20","guid":{"rendered":"https:\/\/berthierbroyage.fr\/?page_id=1750"},"modified":"2025-06-06T09:47:59","modified_gmt":"2025-06-06T07:47:59","slug":"mentions-legales","status":"publish","type":"page","link":"https:\/\/berthierbroyage.fr\/index.php\/mentions-legales\/","title":{"rendered":"Mentions l\u00e9gales"},"content":{"rendered":"\t\t<div data-elementor-type=\"wp-page\" data-elementor-id=\"1750\" class=\"elementor elementor-1750\">\n\t\t\t\t<div class=\"elementor-element elementor-element-22585c8 e-flex e-con-boxed wpr-particle-no wpr-jarallax-no wpr-parallax-no wpr-sticky-section-no e-con e-parent\" data-id=\"22585c8\" data-element_type=\"container\" data-e-type=\"container\">\n\t\t\t\t\t<div class=\"e-con-inner\">\n\t\t\t\t<div class=\"elementor-element elementor-element-6726cb1 elementor-widget elementor-widget-text-editor\" data-id=\"6726cb1\" data-element_type=\"widget\" data-e-type=\"widget\" data-widget_type=\"text-editor.default\">\n\t\t\t\t<div class=\"elementor-widget-container\">\n\t\t\t\t\t\t\t\t\t<h2>MENTIONS L\u00c9GALES<\/h2><p><strong>\u00c9diteur du site<\/strong><br \/>Site : <a href=\"https:\/\/www.berthierbroyage.fr\/\">https:\/\/www.berthierbroyage.fr<\/a><br \/>Responsable de la publication : Patrick Berthier<br \/>Statut juridique : Auto-entrepreneur<br \/>SIRET : 480 949 809 00010<br \/>Adresse : URICE LE CELLIER, 73240 SAINT-GENIX-LES-VILLAGES, France<br \/>Email : <a href=\"mailto:patrick.berthier73@orange.fr\">patrick.berthier73@orange.fr<\/a><\/p><p><strong>H\u00e9bergement<\/strong><br \/>H\u00e9bergeur : OVH<br \/>Adresse : 2 rue Kellermann, 59100 Roubaix, France<br \/>Site web : <a href=\"https:\/\/www.ovh.com\/\">https:\/\/www.ovh.com<\/a><\/p><p><strong>Propri\u00e9t\u00e9 intellectuelle<\/strong><br \/>Tous les contenus pr\u00e9sents sur le site berthierbroyage.fr, incluant de mani\u00e8re non limitative les graphismes, images, textes, vid\u00e9os, animations, sons, logos, gifs et ic\u00f4nes ainsi que leur mise en forme, sont la propri\u00e9t\u00e9 exclusive de Patrick Berthier, \u00e0 l\u2019exception des marques, logos ou contenus appartenant \u00e0 d\u2019autres soci\u00e9t\u00e9s partenaires ou auteurs.<\/p><p>Toute reproduction, distribution, modification, adaptation, retransmission ou publication, m\u00eame partielle, de ces diff\u00e9rents \u00e9l\u00e9ments est strictement interdite sans l\u2019accord expr\u00e8s par \u00e9crit de Patrick Berthier.<\/p><p><strong>Responsabilit\u00e9<\/strong><br \/>Les informations fournies sur ce site sont donn\u00e9es \u00e0 titre indicatif. Patrick Berthier s\u2019efforce de fournir des informations aussi pr\u00e9cises que possible, mais ne saurait \u00eatre tenu responsable des omissions, des inexactitudes et des carences dans la mise \u00e0 jour.<\/p><hr \/><p>\u00a0<\/p>\t\t\t\t\t\t\t\t<\/div>\n\t\t\t\t<\/div>\n\t\t\t\t\t<\/div>\n\t\t\t\t<\/div>\n\t\t\t\t<\/div>\n\t\t","protected":false},"excerpt":{"rendered":"<p>MENTIONS L\u00c9GALES \u00c9diteur du siteSite : https:\/\/www.berthierbroyage.frResponsable de la publication : Patrick BerthierStatut juridique : Auto-entrepreneurSIRET : 480 949 809 00010Adresse : URICE LE CELLIER, 73240 SAINT-GENIX-LES-VILLAGES, FranceEmail : patrick.berthier73@orange.fr H\u00e9bergementH\u00e9bergeur : OVHAdresse : 2 rue Kellermann, 59100 Roubaix, FranceSite web : https:\/\/www.ovh.com Propri\u00e9t\u00e9 intellectuelleTous les contenus pr\u00e9sents sur le site berthierbroyage.fr, incluant de mani\u00e8re non limitative les graphismes, images, textes, vid\u00e9os, animations, sons, logos, gifs et ic\u00f4nes ainsi que leur mise en forme, sont la propri\u00e9t\u00e9 exclusive de Patrick Berthier, \u00e0 l\u2019exception des marques, logos ou contenus appartenant \u00e0 d\u2019autres soci\u00e9t\u00e9s partenaires ou auteurs. Toute reproduction, distribution, modification, adaptation, retransmission ou publication, m\u00eame partielle, de ces diff\u00e9rents \u00e9l\u00e9ments est strictement interdite sans l\u2019accord expr\u00e8s par \u00e9crit de Patrick Berthier. Responsabilit\u00e9Les informations fournies sur ce site sont donn\u00e9es \u00e0 titre indicatif. Patrick Berthier s\u2019efforce de fournir des informations aussi pr\u00e9cises que possible, mais ne saurait \u00eatre tenu responsable des omissions, des inexactitudes et des carences dans la mise \u00e0 jour. \u00a0<\/p>\n","protected":false},"author":1,"featured_media":0,"parent":0,"menu_order":0,"comment_status":"closed","ping_status":"closed","template":"","meta":{"ocean_post_layout":"","ocean_both_sidebars_style":"","ocean_both_sidebars_content_width":0,"ocean_both_sidebars_sidebars_width":0,"ocean_sidebar":"","ocean_second_sidebar":"","ocean_disable_margins":"enable","ocean_add_body_class":"","ocean_shortcode_before_top_bar":"","ocean_shortcode_after_top_bar":"","ocean_shortcode_before_header":"","ocean_shortcode_after_header":"","ocean_has_shortcode":"","ocean_shortcode_after_title":"","ocean_shortcode_before_footer_widgets":"","ocean_shortcode_after_footer_widgets":"","ocean_shortcode_before_footer_bottom":"","ocean_shortcode_after_footer_bottom":"","ocean_display_top_bar":"default","ocean_display_header":"default","ocean_header_style":"","ocean_center_header_left_menu":"","ocean_custom_header_template":"","ocean_custom_logo":0,"ocean_custom_retina_logo":0,"ocean_custom_logo_max_width":0,"ocean_custom_logo_tablet_max_width":0,"ocean_custom_logo_mobile_max_width":0,"ocean_custom_logo_max_height":0,"ocean_custom_logo_tablet_max_height":0,"ocean_custom_logo_mobile_max_height":0,"ocean_header_custom_menu":"","ocean_menu_typo_font_family":"","ocean_menu_typo_font_subset":"","ocean_menu_typo_font_size":0,"ocean_menu_typo_font_size_tablet":0,"ocean_menu_typo_font_size_mobile":0,"ocean_menu_typo_font_size_unit":"px","ocean_menu_typo_font_weight":"","ocean_menu_typo_font_weight_tablet":"","ocean_menu_typo_font_weight_mobile":"","ocean_menu_typo_transform":"","ocean_menu_typo_transform_tablet":"","ocean_menu_typo_transform_mobile":"","ocean_menu_typo_line_height":0,"ocean_menu_typo_line_height_tablet":0,"ocean_menu_typo_line_height_mobile":0,"ocean_menu_typo_line_height_unit":"","ocean_menu_typo_spacing":0,"ocean_menu_typo_spacing_tablet":0,"ocean_menu_typo_spacing_mobile":0,"ocean_menu_typo_spacing_unit":"","ocean_menu_link_color":"","ocean_menu_link_color_hover":"","ocean_menu_link_color_active":"","ocean_menu_link_background":"","ocean_menu_link_hover_background":"","ocean_menu_link_active_background":"","ocean_menu_social_links_bg":"","ocean_menu_social_hover_links_bg":"","ocean_menu_social_links_color":"","ocean_menu_social_hover_links_color":"","ocean_disable_title":"default","ocean_disable_heading":"default","ocean_post_title":"","ocean_post_subheading":"","ocean_post_title_style":"","ocean_post_title_background_color":"","ocean_post_title_background":0,"ocean_post_title_bg_image_position":"","ocean_post_title_bg_image_attachment":"","ocean_post_title_bg_image_repeat":"","ocean_post_title_bg_image_size":"","ocean_post_title_height":0,"ocean_post_title_bg_overlay":0.5,"ocean_post_title_bg_overlay_color":"","ocean_disable_breadcrumbs":"default","ocean_breadcrumbs_color":"","ocean_breadcrumbs_separator_color":"","ocean_breadcrumbs_links_color":"","ocean_breadcrumbs_links_hover_color":"","ocean_display_footer_widgets":"default","ocean_display_footer_bottom":"default","ocean_custom_footer_template":"","footnotes":""},"class_list":["post-1750","page","type-page","status-publish","hentry","entry"],"yoast_head":"<!-- This site is optimized with the Yoast SEO plugin v27.1.1 - https:\/\/yoast.com\/product\/yoast-seo-wordpress\/ -->\n<title>Mentions l\u00e9gales - Entreprise Berthier<\/title>\n<meta name=\"robots\" content=\"index, follow, max-snippet:-1, max-image-preview:large, max-video-preview:-1\" \/>\n<link rel=\"canonical\" href=\"https:\/\/berthierbroyage.fr\/index.php\/mentions-legales\/\" \/>\n<meta property=\"og:locale\" content=\"fr_FR\" \/>\n<meta property=\"og:type\" content=\"article\" \/>\n<meta property=\"og:title\" content=\"Mentions l\u00e9gales - Entreprise Berthier\" \/>\n<meta property=\"og:description\" content=\"MENTIONS L\u00c9GALES \u00c9diteur du siteSite : https:\/\/www.berthierbroyage.frResponsable de la publication : Patrick BerthierStatut juridique : Auto-entrepreneurSIRET : 480 949 809 00010Adresse : URICE LE CELLIER, 73240 SAINT-GENIX-LES-VILLAGES, FranceEmail : patrick.berthier73@orange.fr H\u00e9bergementH\u00e9bergeur : OVHAdresse : 2 rue Kellermann, 59100 Roubaix, FranceSite web : https:\/\/www.ovh.com Propri\u00e9t\u00e9 intellectuelleTous les contenus pr\u00e9sents sur le site berthierbroyage.fr, incluant de mani\u00e8re non limitative les graphismes, images, textes, vid\u00e9os, animations, sons, logos, gifs et ic\u00f4nes ainsi que leur mise en forme, sont la propri\u00e9t\u00e9 exclusive de Patrick Berthier, \u00e0 l\u2019exception des marques, logos ou contenus appartenant \u00e0 d\u2019autres soci\u00e9t\u00e9s partenaires ou auteurs. Toute reproduction, distribution, modification, adaptation, retransmission ou publication, m\u00eame partielle, de ces diff\u00e9rents \u00e9l\u00e9ments est strictement interdite sans l\u2019accord expr\u00e8s par \u00e9crit de Patrick Berthier. Responsabilit\u00e9Les informations fournies sur ce site sont donn\u00e9es \u00e0 titre indicatif. Patrick Berthier s\u2019efforce de fournir des informations aussi pr\u00e9cises que possible, mais ne saurait \u00eatre tenu responsable des omissions, des inexactitudes et des carences dans la mise \u00e0 jour. \u00a0\" \/>\n<meta property=\"og:url\" content=\"https:\/\/berthierbroyage.fr\/index.php\/mentions-legales\/\" \/>\n<meta property=\"og:site_name\" content=\"Entreprise Berthier\" \/>\n<meta property=\"article:modified_time\" content=\"2025-06-06T07:47:59+00:00\" \/>\n<meta name=\"twitter:card\" content=\"summary_large_image\" \/>\n<meta name=\"twitter:label1\" content=\"Dur\u00e9e de lecture estim\u00e9e\" \/>\n\t<meta name=\"twitter:data1\" content=\"1 minute\" \/>\n<script type=\"application\/ld+json\" class=\"yoast-schema-graph\">{\"@context\":\"https:\/\/schema.org\",\"@graph\":[{\"@type\":\"WebPage\",\"@id\":\"https:\/\/berthierbroyage.fr\/index.php\/mentions-legales\/\",\"url\":\"https:\/\/berthierbroyage.fr\/index.php\/mentions-legales\/\",\"name\":\"Mentions l\u00e9gales - Entreprise Berthier\",\"isPartOf\":{\"@id\":\"https:\/\/berthierbroyage.fr\/#website\"},\"datePublished\":\"2025-06-06T07:40:20+00:00\",\"dateModified\":\"2025-06-06T07:47:59+00:00\",\"breadcrumb\":{\"@id\":\"https:\/\/berthierbroyage.fr\/index.php\/mentions-legales\/#breadcrumb\"},\"inLanguage\":\"fr-FR\",\"potentialAction\":[{\"@type\":\"ReadAction\",\"target\":[\"https:\/\/berthierbroyage.fr\/index.php\/mentions-legales\/\"]}]},{\"@type\":\"BreadcrumbList\",\"@id\":\"https:\/\/berthierbroyage.fr\/index.php\/mentions-legales\/#breadcrumb\",\"itemListElement\":[{\"@type\":\"ListItem\",\"position\":1,\"name\":\"Accueil\",\"item\":\"https:\/\/berthierbroyage.fr\/\"},{\"@type\":\"ListItem\",\"position\":2,\"name\":\"Mentions l\u00e9gales\"}]},{\"@type\":\"WebSite\",\"@id\":\"https:\/\/berthierbroyage.fr\/#website\",\"url\":\"https:\/\/berthierbroyage.fr\/\",\"name\":\"Entreprise Berthier\",\"description\":\"Expert en broyage et traitement des d\u00e9chets v\u00e9g\u00e9taux\",\"publisher\":{\"@id\":\"https:\/\/berthierbroyage.fr\/#organization\"},\"potentialAction\":[{\"@type\":\"SearchAction\",\"target\":{\"@type\":\"EntryPoint\",\"urlTemplate\":\"https:\/\/berthierbroyage.fr\/?s={search_term_string}\"},\"query-input\":{\"@type\":\"PropertyValueSpecification\",\"valueRequired\":true,\"valueName\":\"search_term_string\"}}],\"inLanguage\":\"fr-FR\"},{\"@type\":\"Organization\",\"@id\":\"https:\/\/berthierbroyage.fr\/#organization\",\"name\":\"Entreprise Berthier\",\"url\":\"https:\/\/berthierbroyage.fr\/\",\"logo\":{\"@type\":\"ImageObject\",\"inLanguage\":\"fr-FR\",\"@id\":\"https:\/\/berthierbroyage.fr\/#\/schema\/logo\/image\/\",\"url\":\"https:\/\/berthierbroyage.fr\/wp-content\/uploads\/2025\/04\/cropped-cropped-berthier-logo-pour-impression-3VET-01-1.webp\",\"contentUrl\":\"https:\/\/berthierbroyage.fr\/wp-content\/uploads\/2025\/04\/cropped-cropped-berthier-logo-pour-impression-3VET-01-1.webp\",\"width\":1999,\"height\":812,\"caption\":\"Entreprise Berthier\"},\"image\":{\"@id\":\"https:\/\/berthierbroyage.fr\/#\/schema\/logo\/image\/\"}}]}<\/script>\n<!-- \/ Yoast SEO plugin. -->","yoast_head_json":{"title":"Mentions l\u00e9gales - Entreprise Berthier","robots":{"index":"index","follow":"follow","max-snippet":"max-snippet:-1","max-image-preview":"max-image-preview:large","max-video-preview":"max-video-preview:-1"},"canonical":"https:\/\/berthierbroyage.fr\/index.php\/mentions-legales\/","og_locale":"fr_FR","og_type":"article","og_title":"Mentions l\u00e9gales - Entreprise Berthier","og_description":"MENTIONS L\u00c9GALES \u00c9diteur du siteSite : https:\/\/www.berthierbroyage.frResponsable de la publication : Patrick BerthierStatut juridique : Auto-entrepreneurSIRET : 480 949 809 00010Adresse : URICE LE CELLIER, 73240 SAINT-GENIX-LES-VILLAGES, FranceEmail : patrick.berthier73@orange.fr H\u00e9bergementH\u00e9bergeur : OVHAdresse : 2 rue Kellermann, 59100 Roubaix, FranceSite web : https:\/\/www.ovh.com Propri\u00e9t\u00e9 intellectuelleTous les contenus pr\u00e9sents sur le site berthierbroyage.fr, incluant de mani\u00e8re non limitative les graphismes, images, textes, vid\u00e9os, animations, sons, logos, gifs et ic\u00f4nes ainsi que leur mise en forme, sont la propri\u00e9t\u00e9 exclusive de Patrick Berthier, \u00e0 l\u2019exception des marques, logos ou contenus appartenant \u00e0 d\u2019autres soci\u00e9t\u00e9s partenaires ou auteurs. Toute reproduction, distribution, modification, adaptation, retransmission ou publication, m\u00eame partielle, de ces diff\u00e9rents \u00e9l\u00e9ments est strictement interdite sans l\u2019accord expr\u00e8s par \u00e9crit de Patrick Berthier. Responsabilit\u00e9Les informations fournies sur ce site sont donn\u00e9es \u00e0 titre indicatif. Patrick Berthier s\u2019efforce de fournir des informations aussi pr\u00e9cises que possible, mais ne saurait \u00eatre tenu responsable des omissions, des inexactitudes et des carences dans la mise \u00e0 jour. \u00a0","og_url":"https:\/\/berthierbroyage.fr\/index.php\/mentions-legales\/","og_site_name":"Entreprise Berthier","article_modified_time":"2025-06-06T07:47:59+00:00","twitter_card":"summary_large_image","twitter_misc":{"Dur\u00e9e de lecture estim\u00e9e":"1 minute"},"schema":{"@context":"https:\/\/schema.org","@graph":[{"@type":"WebPage","@id":"https:\/\/berthierbroyage.fr\/index.php\/mentions-legales\/","url":"https:\/\/berthierbroyage.fr\/index.php\/mentions-legales\/","name":"Mentions l\u00e9gales - Entreprise Berthier","isPartOf":{"@id":"https:\/\/berthierbroyage.fr\/#website"},"datePublished":"2025-06-06T07:40:20+00:00","dateModified":"2025-06-06T07:47:59+00:00","breadcrumb":{"@id":"https:\/\/berthierbroyage.fr\/index.php\/mentions-legales\/#breadcrumb"},"inLanguage":"fr-FR","potentialAction":[{"@type":"ReadAction","target":["https:\/\/berthierbroyage.fr\/index.php\/mentions-legales\/"]}]},{"@type":"BreadcrumbList","@id":"https:\/\/berthierbroyage.fr\/index.php\/mentions-legales\/#breadcrumb","itemListElement":[{"@type":"ListItem","position":1,"name":"Accueil","item":"https:\/\/berthierbroyage.fr\/"},{"@type":"ListItem","position":2,"name":"Mentions l\u00e9gales"}]},{"@type":"WebSite","@id":"https:\/\/berthierbroyage.fr\/#website","url":"https:\/\/berthierbroyage.fr\/","name":"Entreprise Berthier","description":"Expert en broyage et traitement des d\u00e9chets v\u00e9g\u00e9taux","publisher":{"@id":"https:\/\/berthierbroyage.fr\/#organization"},"potentialAction":[{"@type":"SearchAction","target":{"@type":"EntryPoint","urlTemplate":"https:\/\/berthierbroyage.fr\/?s={search_term_string}"},"query-input":{"@type":"PropertyValueSpecification","valueRequired":true,"valueName":"search_term_string"}}],"inLanguage":"fr-FR"},{"@type":"Organization","@id":"https:\/\/berthierbroyage.fr\/#organization","name":"Entreprise Berthier","url":"https:\/\/berthierbroyage.fr\/","logo":{"@type":"ImageObject","inLanguage":"fr-FR","@id":"https:\/\/berthierbroyage.fr\/#\/schema\/logo\/image\/","url":"https:\/\/berthierbroyage.fr\/wp-content\/uploads\/2025\/04\/cropped-cropped-berthier-logo-pour-impression-3VET-01-1.webp","contentUrl":"https:\/\/berthierbroyage.fr\/wp-content\/uploads\/2025\/04\/cropped-cropped-berthier-logo-pour-impression-3VET-01-1.webp","width":1999,"height":812,"caption":"Entreprise Berthier"},"image":{"@id":"https:\/\/berthierbroyage.fr\/#\/schema\/logo\/image\/"}}]}},"_links":{"self":[{"href":"https:\/\/berthierbroyage.fr\/index.php\/wp-json\/wp\/v2\/pages\/1750","targetHints":{"allow":["GET"]}}],"collection":[{"href":"https:\/\/berthierbroyage.fr\/index.php\/wp-json\/wp\/v2\/pages"}],"about":[{"href":"https:\/\/berthierbroyage.fr\/index.php\/wp-json\/wp\/v2\/types\/page"}],"author":[{"embeddable":true,"href":"https:\/\/berthierbroyage.fr\/index.php\/wp-json\/wp\/v2\/users\/1"}],"replies":[{"embeddable":true,"href":"https:\/\/berthierbroyage.fr\/index.php\/wp-json\/wp\/v2\/comments?post=1750"}],"version-history":[{"count":7,"href":"https:\/\/berthierbroyage.fr\/index.php\/wp-json\/wp\/v2\/pages\/1750\/revisions"}],"predecessor-version":[{"id":1765,"href":"https:\/\/berthierbroyage.fr\/index.php\/wp-json\/wp\/v2\/pages\/1750\/revisions\/1765"}],"wp:attachment":[{"href":"https:\/\/berthierbroyage.fr\/index.php\/wp-json\/wp\/v2\/media?parent=1750"}],"curies":[{"name":"wp","href":"https:\/\/api.w.org\/{rel}","templated":true}]}}