{"id":1756,"date":"2025-06-06T09:42:10","date_gmt":"2025-06-06T07:42:10","guid":{"rendered":"https:\/\/berthierbroyage.fr\/?page_id=1756"},"modified":"2025-06-06T09:43:33","modified_gmt":"2025-06-06T07:43:33","slug":"politique-de-condidentialites","status":"publish","type":"page","link":"https:\/\/berthierbroyage.fr\/index.php\/politique-de-condidentialites\/","title":{"rendered":"Politique de condidentialit\u00e9s"},"content":{"rendered":"\t\t<div data-elementor-type=\"wp-page\" data-elementor-id=\"1756\" class=\"elementor elementor-1756\">\n\t\t\t\t<div class=\"elementor-element elementor-element-95159dc e-flex e-con-boxed wpr-particle-no wpr-jarallax-no wpr-parallax-no wpr-sticky-section-no e-con e-parent\" data-id=\"95159dc\" data-element_type=\"container\" data-e-type=\"container\">\n\t\t\t\t\t<div class=\"e-con-inner\">\n\t\t\t\t<div class=\"elementor-element elementor-element-4ea192f elementor-widget elementor-widget-text-editor\" data-id=\"4ea192f\" data-element_type=\"widget\" data-e-type=\"widget\" data-widget_type=\"text-editor.default\">\n\t\t\t\t<div class=\"elementor-widget-container\">\n\t\t\t\t\t\t\t\t\t<h2>POLITIQUE DE CONFIDENTIALIT\u00c9<\/h2><h3>1. Donn\u00e9es collect\u00e9es<\/h3><p>Le site berthierbroyage.fr collecte les donn\u00e9es personnelles suivantes via son formulaire de contact et ses outils de mesure d\u2019audience :<\/p><ul><li>Nom, pr\u00e9nom (si indiqu\u00e9)<\/li><li>Adresse e-mail<\/li><li>Adresse IP<\/li><li>Donn\u00e9es de navigation (via cookies et Google Analytics)<\/li><\/ul><h3>2. Utilisation des donn\u00e9es<\/h3><p>Les donn\u00e9es collect\u00e9es sont utilis\u00e9es dans les buts suivants :<\/p><ul><li>R\u00e9pondre aux demandes envoy\u00e9es via le formulaire de contact<\/li><li>Mesurer la fr\u00e9quentation du site<\/li><li>Am\u00e9liorer l\u2019exp\u00e9rience utilisateur<\/li><\/ul><p>Les donn\u00e9es ne sont en aucun cas revendues ou transmises \u00e0 des tiers \u00e0 des fins commerciales.<\/p><h3>3. Cookies<\/h3><p>Le site utilise des cookies pour :<\/p><ul><li>Analyser le trafic via Google Analytics<\/li><li>Am\u00e9liorer l\u2019affichage et la navigation<\/li><\/ul><p>En acc\u00e9dant au site, vous acceptez l&rsquo;utilisation de cookies. Vous pouvez \u00e0 tout moment modifier les pr\u00e9f\u00e9rences de votre navigateur pour bloquer les cookies.<\/p><h3>4. Conservation des donn\u00e9es<\/h3><p>Les donn\u00e9es sont conserv\u00e9es pour une dur\u00e9e maximale de <strong>3 ans<\/strong> \u00e0 compter du dernier contact ou de la derni\u00e8re activit\u00e9.<\/p><h3>5. Vos droits<\/h3><p>Conform\u00e9ment au R\u00e8glement G\u00e9n\u00e9ral sur la Protection des Donn\u00e9es (RGPD), vous disposez des droits suivants :<\/p><ul><li>Droit d\u2019acc\u00e8s<\/li><li>Droit de rectification<\/li><li>Droit \u00e0 l\u2019effacement<\/li><li>Droit \u00e0 la limitation du traitement<\/li><li>Droit d\u2019opposition<\/li><li>Droit \u00e0 la portabilit\u00e9<\/li><li>Vous pouvez exercer ces droits en \u00e9crivant \u00e0 : <strong><a href=\"mailto:patrick.berthier73@orange.fr\">patrick.berthier73@orange.fr<\/a><\/strong><\/li><\/ul><h3>6. S\u00e9curit\u00e9 des donn\u00e9es<\/h3><p>Patrick Berthier met en \u0153uvre toutes les mesures techniques et organisationnelles n\u00e9cessaires pour prot\u00e9ger vos donn\u00e9es personnelles contre toute perte, acc\u00e8s non autoris\u00e9, divulgation ou alt\u00e9ration.<\/p><hr \/><p>\u00a0<\/p>\t\t\t\t\t\t\t\t<\/div>\n\t\t\t\t<\/div>\n\t\t\t\t\t<\/div>\n\t\t\t\t<\/div>\n\t\t\t\t<\/div>\n\t\t","protected":false},"excerpt":{"rendered":"<p>POLITIQUE DE CONFIDENTIALIT\u00c9 1. Donn\u00e9es collect\u00e9es Le site berthierbroyage.fr collecte les donn\u00e9es personnelles suivantes via son formulaire de contact et ses outils de mesure d\u2019audience : Nom, pr\u00e9nom (si indiqu\u00e9) Adresse e-mail Adresse IP Donn\u00e9es de navigation (via cookies et Google Analytics) 2. Utilisation des donn\u00e9es Les donn\u00e9es collect\u00e9es sont utilis\u00e9es dans les buts suivants : R\u00e9pondre aux demandes envoy\u00e9es via le formulaire de contact Mesurer la fr\u00e9quentation du site Am\u00e9liorer l\u2019exp\u00e9rience utilisateur Les donn\u00e9es ne sont en aucun cas revendues ou transmises \u00e0 des tiers \u00e0 des fins commerciales. 3. Cookies Le site utilise des cookies pour : Analyser le trafic via Google Analytics Am\u00e9liorer l\u2019affichage et la navigation En acc\u00e9dant au site, vous acceptez l&rsquo;utilisation de cookies. Vous pouvez \u00e0 tout moment modifier les pr\u00e9f\u00e9rences de votre navigateur pour bloquer les cookies. 4. Conservation des donn\u00e9es Les donn\u00e9es sont conserv\u00e9es pour une dur\u00e9e maximale de 3 ans \u00e0 compter du dernier contact ou de la derni\u00e8re activit\u00e9. 5. Vos droits Conform\u00e9ment au R\u00e8glement G\u00e9n\u00e9ral sur la Protection des Donn\u00e9es (RGPD), vous disposez des droits suivants : Droit d\u2019acc\u00e8s Droit de rectification Droit \u00e0 l\u2019effacement Droit \u00e0 la limitation du traitement Droit d\u2019opposition Droit \u00e0 la portabilit\u00e9 Vous pouvez exercer ces droits en \u00e9crivant \u00e0 : patrick.berthier73@orange.fr 6. S\u00e9curit\u00e9 des donn\u00e9es Patrick Berthier met en \u0153uvre toutes les mesures techniques et organisationnelles n\u00e9cessaires pour prot\u00e9ger vos donn\u00e9es personnelles contre toute perte, acc\u00e8s non autoris\u00e9, divulgation ou alt\u00e9ration. \u00a0<\/p>\n","protected":false},"author":1,"featured_media":0,"parent":0,"menu_order":0,"comment_status":"closed","ping_status":"closed","template":"","meta":{"ocean_post_layout":"","ocean_both_sidebars_style":"","ocean_both_sidebars_content_width":0,"ocean_both_sidebars_sidebars_width":0,"ocean_sidebar":"","ocean_second_sidebar":"","ocean_disable_margins":"enable","ocean_add_body_class":"","ocean_shortcode_before_top_bar":"","ocean_shortcode_after_top_bar":"","ocean_shortcode_before_header":"","ocean_shortcode_after_header":"","ocean_has_shortcode":"","ocean_shortcode_after_title":"","ocean_shortcode_before_footer_widgets":"","ocean_shortcode_after_footer_widgets":"","ocean_shortcode_before_footer_bottom":"","ocean_shortcode_after_footer_bottom":"","ocean_display_top_bar":"default","ocean_display_header":"default","ocean_header_style":"","ocean_center_header_left_menu":"","ocean_custom_header_template":"","ocean_custom_logo":0,"ocean_custom_retina_logo":0,"ocean_custom_logo_max_width":0,"ocean_custom_logo_tablet_max_width":0,"ocean_custom_logo_mobile_max_width":0,"ocean_custom_logo_max_height":0,"ocean_custom_logo_tablet_max_height":0,"ocean_custom_logo_mobile_max_height":0,"ocean_header_custom_menu":"","ocean_menu_typo_font_family":"","ocean_menu_typo_font_subset":"","ocean_menu_typo_font_size":0,"ocean_menu_typo_font_size_tablet":0,"ocean_menu_typo_font_size_mobile":0,"ocean_menu_typo_font_size_unit":"px","ocean_menu_typo_font_weight":"","ocean_menu_typo_font_weight_tablet":"","ocean_menu_typo_font_weight_mobile":"","ocean_menu_typo_transform":"","ocean_menu_typo_transform_tablet":"","ocean_menu_typo_transform_mobile":"","ocean_menu_typo_line_height":0,"ocean_menu_typo_line_height_tablet":0,"ocean_menu_typo_line_height_mobile":0,"ocean_menu_typo_line_height_unit":"","ocean_menu_typo_spacing":0,"ocean_menu_typo_spacing_tablet":0,"ocean_menu_typo_spacing_mobile":0,"ocean_menu_typo_spacing_unit":"","ocean_menu_link_color":"","ocean_menu_link_color_hover":"","ocean_menu_link_color_active":"","ocean_menu_link_background":"","ocean_menu_link_hover_background":"","ocean_menu_link_active_background":"","ocean_menu_social_links_bg":"","ocean_menu_social_hover_links_bg":"","ocean_menu_social_links_color":"","ocean_menu_social_hover_links_color":"","ocean_disable_title":"default","ocean_disable_heading":"default","ocean_post_title":"","ocean_post_subheading":"","ocean_post_title_style":"","ocean_post_title_background_color":"","ocean_post_title_background":0,"ocean_post_title_bg_image_position":"","ocean_post_title_bg_image_attachment":"","ocean_post_title_bg_image_repeat":"","ocean_post_title_bg_image_size":"","ocean_post_title_height":0,"ocean_post_title_bg_overlay":0.5,"ocean_post_title_bg_overlay_color":"","ocean_disable_breadcrumbs":"default","ocean_breadcrumbs_color":"","ocean_breadcrumbs_separator_color":"","ocean_breadcrumbs_links_color":"","ocean_breadcrumbs_links_hover_color":"","ocean_display_footer_widgets":"default","ocean_display_footer_bottom":"default","ocean_custom_footer_template":"","footnotes":""},"class_list":["post-1756","page","type-page","status-publish","hentry","entry"],"yoast_head":"<!-- This site is optimized with the Yoast SEO plugin v27.1.1 - https:\/\/yoast.com\/product\/yoast-seo-wordpress\/ -->\n<title>Politique de condidentialit\u00e9s - Entreprise Berthier<\/title>\n<meta name=\"robots\" content=\"index, follow, max-snippet:-1, max-image-preview:large, max-video-preview:-1\" \/>\n<link rel=\"canonical\" href=\"https:\/\/berthierbroyage.fr\/index.php\/politique-de-condidentialites\/\" \/>\n<meta property=\"og:locale\" content=\"fr_FR\" \/>\n<meta property=\"og:type\" content=\"article\" \/>\n<meta property=\"og:title\" content=\"Politique de condidentialit\u00e9s - Entreprise Berthier\" \/>\n<meta property=\"og:description\" content=\"POLITIQUE DE CONFIDENTIALIT\u00c9 1. Donn\u00e9es collect\u00e9es Le site berthierbroyage.fr collecte les donn\u00e9es personnelles suivantes via son formulaire de contact et ses outils de mesure d\u2019audience : Nom, pr\u00e9nom (si indiqu\u00e9) Adresse e-mail Adresse IP Donn\u00e9es de navigation (via cookies et Google Analytics) 2. Utilisation des donn\u00e9es Les donn\u00e9es collect\u00e9es sont utilis\u00e9es dans les buts suivants : R\u00e9pondre aux demandes envoy\u00e9es via le formulaire de contact Mesurer la fr\u00e9quentation du site Am\u00e9liorer l\u2019exp\u00e9rience utilisateur Les donn\u00e9es ne sont en aucun cas revendues ou transmises \u00e0 des tiers \u00e0 des fins commerciales. 3. Cookies Le site utilise des cookies pour : Analyser le trafic via Google Analytics Am\u00e9liorer l\u2019affichage et la navigation En acc\u00e9dant au site, vous acceptez l&rsquo;utilisation de cookies. Vous pouvez \u00e0 tout moment modifier les pr\u00e9f\u00e9rences de votre navigateur pour bloquer les cookies. 4. Conservation des donn\u00e9es Les donn\u00e9es sont conserv\u00e9es pour une dur\u00e9e maximale de 3 ans \u00e0 compter du dernier contact ou de la derni\u00e8re activit\u00e9. 5. Vos droits Conform\u00e9ment au R\u00e8glement G\u00e9n\u00e9ral sur la Protection des Donn\u00e9es (RGPD), vous disposez des droits suivants : Droit d\u2019acc\u00e8s Droit de rectification Droit \u00e0 l\u2019effacement Droit \u00e0 la limitation du traitement Droit d\u2019opposition Droit \u00e0 la portabilit\u00e9 Vous pouvez exercer ces droits en \u00e9crivant \u00e0 : patrick.berthier73@orange.fr 6. S\u00e9curit\u00e9 des donn\u00e9es Patrick Berthier met en \u0153uvre toutes les mesures techniques et organisationnelles n\u00e9cessaires pour prot\u00e9ger vos donn\u00e9es personnelles contre toute perte, acc\u00e8s non autoris\u00e9, divulgation ou alt\u00e9ration. \u00a0\" \/>\n<meta property=\"og:url\" content=\"https:\/\/berthierbroyage.fr\/index.php\/politique-de-condidentialites\/\" \/>\n<meta property=\"og:site_name\" content=\"Entreprise Berthier\" \/>\n<meta property=\"article:modified_time\" content=\"2025-06-06T07:43:33+00:00\" \/>\n<meta name=\"twitter:card\" content=\"summary_large_image\" \/>\n<meta name=\"twitter:label1\" content=\"Dur\u00e9e de lecture estim\u00e9e\" \/>\n\t<meta name=\"twitter:data1\" content=\"2 minutes\" \/>\n<script type=\"application\/ld+json\" class=\"yoast-schema-graph\">{\"@context\":\"https:\/\/schema.org\",\"@graph\":[{\"@type\":\"WebPage\",\"@id\":\"https:\/\/berthierbroyage.fr\/index.php\/politique-de-condidentialites\/\",\"url\":\"https:\/\/berthierbroyage.fr\/index.php\/politique-de-condidentialites\/\",\"name\":\"Politique de condidentialit\u00e9s - Entreprise Berthier\",\"isPartOf\":{\"@id\":\"https:\/\/berthierbroyage.fr\/#website\"},\"datePublished\":\"2025-06-06T07:42:10+00:00\",\"dateModified\":\"2025-06-06T07:43:33+00:00\",\"breadcrumb\":{\"@id\":\"https:\/\/berthierbroyage.fr\/index.php\/politique-de-condidentialites\/#breadcrumb\"},\"inLanguage\":\"fr-FR\",\"potentialAction\":[{\"@type\":\"ReadAction\",\"target\":[\"https:\/\/berthierbroyage.fr\/index.php\/politique-de-condidentialites\/\"]}]},{\"@type\":\"BreadcrumbList\",\"@id\":\"https:\/\/berthierbroyage.fr\/index.php\/politique-de-condidentialites\/#breadcrumb\",\"itemListElement\":[{\"@type\":\"ListItem\",\"position\":1,\"name\":\"Accueil\",\"item\":\"https:\/\/berthierbroyage.fr\/\"},{\"@type\":\"ListItem\",\"position\":2,\"name\":\"Politique de condidentialit\u00e9s\"}]},{\"@type\":\"WebSite\",\"@id\":\"https:\/\/berthierbroyage.fr\/#website\",\"url\":\"https:\/\/berthierbroyage.fr\/\",\"name\":\"Entreprise Berthier\",\"description\":\"Expert en broyage et traitement des d\u00e9chets v\u00e9g\u00e9taux\",\"publisher\":{\"@id\":\"https:\/\/berthierbroyage.fr\/#organization\"},\"potentialAction\":[{\"@type\":\"SearchAction\",\"target\":{\"@type\":\"EntryPoint\",\"urlTemplate\":\"https:\/\/berthierbroyage.fr\/?s={search_term_string}\"},\"query-input\":{\"@type\":\"PropertyValueSpecification\",\"valueRequired\":true,\"valueName\":\"search_term_string\"}}],\"inLanguage\":\"fr-FR\"},{\"@type\":\"Organization\",\"@id\":\"https:\/\/berthierbroyage.fr\/#organization\",\"name\":\"Entreprise Berthier\",\"url\":\"https:\/\/berthierbroyage.fr\/\",\"logo\":{\"@type\":\"ImageObject\",\"inLanguage\":\"fr-FR\",\"@id\":\"https:\/\/berthierbroyage.fr\/#\/schema\/logo\/image\/\",\"url\":\"https:\/\/berthierbroyage.fr\/wp-content\/uploads\/2025\/04\/cropped-cropped-berthier-logo-pour-impression-3VET-01-1.webp\",\"contentUrl\":\"https:\/\/berthierbroyage.fr\/wp-content\/uploads\/2025\/04\/cropped-cropped-berthier-logo-pour-impression-3VET-01-1.webp\",\"width\":1999,\"height\":812,\"caption\":\"Entreprise Berthier\"},\"image\":{\"@id\":\"https:\/\/berthierbroyage.fr\/#\/schema\/logo\/image\/\"}}]}<\/script>\n<!-- \/ Yoast SEO plugin. -->","yoast_head_json":{"title":"Politique de condidentialit\u00e9s - Entreprise Berthier","robots":{"index":"index","follow":"follow","max-snippet":"max-snippet:-1","max-image-preview":"max-image-preview:large","max-video-preview":"max-video-preview:-1"},"canonical":"https:\/\/berthierbroyage.fr\/index.php\/politique-de-condidentialites\/","og_locale":"fr_FR","og_type":"article","og_title":"Politique de condidentialit\u00e9s - Entreprise Berthier","og_description":"POLITIQUE DE CONFIDENTIALIT\u00c9 1. Donn\u00e9es collect\u00e9es Le site berthierbroyage.fr collecte les donn\u00e9es personnelles suivantes via son formulaire de contact et ses outils de mesure d\u2019audience : Nom, pr\u00e9nom (si indiqu\u00e9) Adresse e-mail Adresse IP Donn\u00e9es de navigation (via cookies et Google Analytics) 2. Utilisation des donn\u00e9es Les donn\u00e9es collect\u00e9es sont utilis\u00e9es dans les buts suivants : R\u00e9pondre aux demandes envoy\u00e9es via le formulaire de contact Mesurer la fr\u00e9quentation du site Am\u00e9liorer l\u2019exp\u00e9rience utilisateur Les donn\u00e9es ne sont en aucun cas revendues ou transmises \u00e0 des tiers \u00e0 des fins commerciales. 3. Cookies Le site utilise des cookies pour : Analyser le trafic via Google Analytics Am\u00e9liorer l\u2019affichage et la navigation En acc\u00e9dant au site, vous acceptez l&rsquo;utilisation de cookies. Vous pouvez \u00e0 tout moment modifier les pr\u00e9f\u00e9rences de votre navigateur pour bloquer les cookies. 4. Conservation des donn\u00e9es Les donn\u00e9es sont conserv\u00e9es pour une dur\u00e9e maximale de 3 ans \u00e0 compter du dernier contact ou de la derni\u00e8re activit\u00e9. 5. Vos droits Conform\u00e9ment au R\u00e8glement G\u00e9n\u00e9ral sur la Protection des Donn\u00e9es (RGPD), vous disposez des droits suivants : Droit d\u2019acc\u00e8s Droit de rectification Droit \u00e0 l\u2019effacement Droit \u00e0 la limitation du traitement Droit d\u2019opposition Droit \u00e0 la portabilit\u00e9 Vous pouvez exercer ces droits en \u00e9crivant \u00e0 : patrick.berthier73@orange.fr 6. S\u00e9curit\u00e9 des donn\u00e9es Patrick Berthier met en \u0153uvre toutes les mesures techniques et organisationnelles n\u00e9cessaires pour prot\u00e9ger vos donn\u00e9es personnelles contre toute perte, acc\u00e8s non autoris\u00e9, divulgation ou alt\u00e9ration. \u00a0","og_url":"https:\/\/berthierbroyage.fr\/index.php\/politique-de-condidentialites\/","og_site_name":"Entreprise Berthier","article_modified_time":"2025-06-06T07:43:33+00:00","twitter_card":"summary_large_image","twitter_misc":{"Dur\u00e9e de lecture estim\u00e9e":"2 minutes"},"schema":{"@context":"https:\/\/schema.org","@graph":[{"@type":"WebPage","@id":"https:\/\/berthierbroyage.fr\/index.php\/politique-de-condidentialites\/","url":"https:\/\/berthierbroyage.fr\/index.php\/politique-de-condidentialites\/","name":"Politique de condidentialit\u00e9s - Entreprise Berthier","isPartOf":{"@id":"https:\/\/berthierbroyage.fr\/#website"},"datePublished":"2025-06-06T07:42:10+00:00","dateModified":"2025-06-06T07:43:33+00:00","breadcrumb":{"@id":"https:\/\/berthierbroyage.fr\/index.php\/politique-de-condidentialites\/#breadcrumb"},"inLanguage":"fr-FR","potentialAction":[{"@type":"ReadAction","target":["https:\/\/berthierbroyage.fr\/index.php\/politique-de-condidentialites\/"]}]},{"@type":"BreadcrumbList","@id":"https:\/\/berthierbroyage.fr\/index.php\/politique-de-condidentialites\/#breadcrumb","itemListElement":[{"@type":"ListItem","position":1,"name":"Accueil","item":"https:\/\/berthierbroyage.fr\/"},{"@type":"ListItem","position":2,"name":"Politique de condidentialit\u00e9s"}]},{"@type":"WebSite","@id":"https:\/\/berthierbroyage.fr\/#website","url":"https:\/\/berthierbroyage.fr\/","name":"Entreprise Berthier","description":"Expert en broyage et traitement des d\u00e9chets v\u00e9g\u00e9taux","publisher":{"@id":"https:\/\/berthierbroyage.fr\/#organization"},"potentialAction":[{"@type":"SearchAction","target":{"@type":"EntryPoint","urlTemplate":"https:\/\/berthierbroyage.fr\/?s={search_term_string}"},"query-input":{"@type":"PropertyValueSpecification","valueRequired":true,"valueName":"search_term_string"}}],"inLanguage":"fr-FR"},{"@type":"Organization","@id":"https:\/\/berthierbroyage.fr\/#organization","name":"Entreprise Berthier","url":"https:\/\/berthierbroyage.fr\/","logo":{"@type":"ImageObject","inLanguage":"fr-FR","@id":"https:\/\/berthierbroyage.fr\/#\/schema\/logo\/image\/","url":"https:\/\/berthierbroyage.fr\/wp-content\/uploads\/2025\/04\/cropped-cropped-berthier-logo-pour-impression-3VET-01-1.webp","contentUrl":"https:\/\/berthierbroyage.fr\/wp-content\/uploads\/2025\/04\/cropped-cropped-berthier-logo-pour-impression-3VET-01-1.webp","width":1999,"height":812,"caption":"Entreprise Berthier"},"image":{"@id":"https:\/\/berthierbroyage.fr\/#\/schema\/logo\/image\/"}}]}},"_links":{"self":[{"href":"https:\/\/berthierbroyage.fr\/index.php\/wp-json\/wp\/v2\/pages\/1756","targetHints":{"allow":["GET"]}}],"collection":[{"href":"https:\/\/berthierbroyage.fr\/index.php\/wp-json\/wp\/v2\/pages"}],"about":[{"href":"https:\/\/berthierbroyage.fr\/index.php\/wp-json\/wp\/v2\/types\/page"}],"author":[{"embeddable":true,"href":"https:\/\/berthierbroyage.fr\/index.php\/wp-json\/wp\/v2\/users\/1"}],"replies":[{"embeddable":true,"href":"https:\/\/berthierbroyage.fr\/index.php\/wp-json\/wp\/v2\/comments?post=1756"}],"version-history":[{"count":5,"href":"https:\/\/berthierbroyage.fr\/index.php\/wp-json\/wp\/v2\/pages\/1756\/revisions"}],"predecessor-version":[{"id":1761,"href":"https:\/\/berthierbroyage.fr\/index.php\/wp-json\/wp\/v2\/pages\/1756\/revisions\/1761"}],"wp:attachment":[{"href":"https:\/\/berthierbroyage.fr\/index.php\/wp-json\/wp\/v2\/media?parent=1756"}],"curies":[{"name":"wp","href":"https:\/\/api.w.org\/{rel}","templated":true}]}}