{"id":1816,"date":"2026-03-06T21:45:09","date_gmt":"2026-03-06T20:45:09","guid":{"rendered":"https:\/\/berthierbroyage.fr\/?page_id=1816"},"modified":"2026-03-11T17:39:16","modified_gmt":"2026-03-11T16:39:16","slug":"broyage-avec-epareuse","status":"publish","type":"page","link":"https:\/\/berthierbroyage.fr\/index.php\/broyage-avec-epareuse\/","title":{"rendered":"Broyage avec \u00e9pareuse"},"content":{"rendered":"\t\t<div data-elementor-type=\"wp-page\" data-elementor-id=\"1816\" class=\"elementor elementor-1816\">\n\t\t\t\t<div class=\"elementor-element elementor-element-24b61f3 e-flex e-con-boxed wpr-particle-no wpr-jarallax-no wpr-parallax-no wpr-sticky-section-no e-con e-parent\" data-id=\"24b61f3\" data-element_type=\"container\" data-e-type=\"container\">\n\t\t\t\t\t<div class=\"e-con-inner\">\n\t\t\t\t<div class=\"elementor-element elementor-element-73073bb elementor-widget elementor-widget-heading\" data-id=\"73073bb\" data-element_type=\"widget\" data-e-type=\"widget\" data-widget_type=\"heading.default\">\n\t\t\t\t<div class=\"elementor-widget-container\">\n\t\t\t\t\t<h2 class=\"elementor-heading-title elementor-size-default\">Broyage avec \u00e9pareuse<\/h2>\t\t\t\t<\/div>\n\t\t\t\t<\/div>\n\t\t\t\t\t<\/div>\n\t\t\t\t<\/div>\n\t\t<div class=\"elementor-element elementor-element-95172e7 e-flex e-con-boxed wpr-particle-no wpr-jarallax-no wpr-parallax-no wpr-sticky-section-no e-con e-parent\" data-id=\"95172e7\" data-element_type=\"container\" data-e-type=\"container\">\n\t\t\t\t\t<div class=\"e-con-inner\">\n\t\t<div class=\"elementor-element elementor-element-5dd1166 e-con-full e-flex wpr-particle-no wpr-jarallax-no wpr-parallax-no wpr-sticky-section-no e-con e-child\" data-id=\"5dd1166\" data-element_type=\"container\" data-e-type=\"container\">\n\t\t\t\t<div class=\"elementor-element elementor-element-c71150a elementor-widget__width-initial elementor-widget elementor-widget-text-editor\" data-id=\"c71150a\" data-element_type=\"widget\" data-e-type=\"widget\" data-widget_type=\"text-editor.default\">\n\t\t\t\t<div class=\"elementor-widget-container\">\n\t\t\t\t\t\t\t\t\t<ul><li class=\"p1\"><strong>L&rsquo;entretien des accotements routiers et des chemins ruraux pour les collectivit\u00e9s avec le fauchage des bords de route<\/strong><\/li><li><strong>Le d\u00e9broussaille de terrains divers pour entretien de saison ou d\u00e9frichage<\/strong><\/li><li><strong>L&rsquo;entretien des foss\u00e9s par broyage<\/strong><\/li><\/ul><p>Nos \u00e9pareuses sont \u00e9quip\u00e9es d&rsquo;un bras t\u00e9lescopique d&rsquo;une port\u00e9e de 9 m\u00e8tres maximum.<\/p><p>Afin de s&rsquo;adapter \u00e0 diff\u00e9rents type de travaux, les machines peuvent \u00eatre \u00e9quip\u00e9es d&rsquo;un broyeur frontal et de diff\u00e9rents groupes de broyage pour herbe, ronces, arbustes&#8230;<\/p><p>Nous intervenons dans le respect de la biodiversit\u00e9 et nous assurons un fauchage raisonn\u00e9 des accotements routiers \u00e0 l&rsquo;aide de passes s\u00e9lectives selon la saison et le type de v\u00e9g\u00e9tation.\u00a0<\/p>\t\t\t\t\t\t\t\t<\/div>\n\t\t\t\t<\/div>\n\t\t\t\t<\/div>\n\t\t<div class=\"elementor-element elementor-element-e1fff2f e-con-full e-flex wpr-particle-no wpr-jarallax-no wpr-parallax-no wpr-sticky-section-no e-con e-child\" data-id=\"e1fff2f\" data-element_type=\"container\" data-e-type=\"container\">\n\t\t<div class=\"elementor-element elementor-element-958268e e-con-full e-flex wpr-particle-no wpr-jarallax-no wpr-parallax-no wpr-sticky-section-no e-con e-child\" data-id=\"958268e\" data-element_type=\"container\" data-e-type=\"container\">\n\t\t\t\t<div class=\"elementor-element elementor-element-9b60bc9 elementor-widget elementor-widget-image\" data-id=\"9b60bc9\" data-element_type=\"widget\" data-e-type=\"widget\" data-widget_type=\"image.default\">\n\t\t\t\t<div class=\"elementor-widget-container\">\n\t\t\t\t\t\t\t\t\t\t\t\t\t\t\t<img fetchpriority=\"high\" decoding=\"async\" width=\"768\" height=\"1024\" src=\"https:\/\/berthierbroyage.fr\/wp-content\/uploads\/2026\/03\/IMG_20161209_135609-768x1024.jpg\" class=\"attachment-large size-large wp-image-1784\" alt=\"\" srcset=\"https:\/\/berthierbroyage.fr\/wp-content\/uploads\/2026\/03\/IMG_20161209_135609-768x1024.jpg 768w, https:\/\/berthierbroyage.fr\/wp-content\/uploads\/2026\/03\/IMG_20161209_135609-225x300.jpg 225w, https:\/\/berthierbroyage.fr\/wp-content\/uploads\/2026\/03\/IMG_20161209_135609-1152x1536.jpg 1152w, https:\/\/berthierbroyage.fr\/wp-content\/uploads\/2026\/03\/IMG_20161209_135609-1536x2048.jpg 1536w, https:\/\/berthierbroyage.fr\/wp-content\/uploads\/2026\/03\/IMG_20161209_135609-scaled.jpg 1920w\" sizes=\"(max-width: 768px) 100vw, 768px\" \/>\t\t\t\t\t\t\t\t\t\t\t\t\t\t\t<\/div>\n\t\t\t\t<\/div>\n\t\t\t\t<\/div>\n\t\t\t\t<\/div>\n\t\t\t\t\t<\/div>\n\t\t\t\t<\/div>\n\t\t\t\t<\/div>\n\t\t","protected":false},"excerpt":{"rendered":"<p>Broyage avec \u00e9pareuse L&rsquo;entretien des accotements routiers et des chemins ruraux pour les collectivit\u00e9s avec le fauchage des bords de route Le d\u00e9broussaille de terrains divers pour entretien de saison ou d\u00e9frichage L&rsquo;entretien des foss\u00e9s par broyage Nos \u00e9pareuses sont \u00e9quip\u00e9es d&rsquo;un bras t\u00e9lescopique d&rsquo;une port\u00e9e de 9 m\u00e8tres maximum. Afin de s&rsquo;adapter \u00e0 diff\u00e9rents type de travaux, les machines peuvent \u00eatre \u00e9quip\u00e9es d&rsquo;un broyeur frontal et de diff\u00e9rents groupes de broyage pour herbe, ronces, arbustes&#8230; Nous intervenons dans le respect de la biodiversit\u00e9 et nous assurons un fauchage raisonn\u00e9 des accotements routiers \u00e0 l&rsquo;aide de passes s\u00e9lectives selon la saison et le type de v\u00e9g\u00e9tation.\u00a0<\/p>\n","protected":false},"author":1,"featured_media":0,"parent":0,"menu_order":0,"comment_status":"closed","ping_status":"closed","template":"","meta":{"ocean_post_layout":"","ocean_both_sidebars_style":"","ocean_both_sidebars_content_width":0,"ocean_both_sidebars_sidebars_width":0,"ocean_sidebar":"","ocean_second_sidebar":"","ocean_disable_margins":"enable","ocean_add_body_class":"","ocean_shortcode_before_top_bar":"","ocean_shortcode_after_top_bar":"","ocean_shortcode_before_header":"","ocean_shortcode_after_header":"","ocean_has_shortcode":"","ocean_shortcode_after_title":"","ocean_shortcode_before_footer_widgets":"","ocean_shortcode_after_footer_widgets":"","ocean_shortcode_before_footer_bottom":"","ocean_shortcode_after_footer_bottom":"","ocean_display_top_bar":"default","ocean_display_header":"default","ocean_header_style":"","ocean_center_header_left_menu":"","ocean_custom_header_template":"","ocean_custom_logo":0,"ocean_custom_retina_logo":0,"ocean_custom_logo_max_width":0,"ocean_custom_logo_tablet_max_width":0,"ocean_custom_logo_mobile_max_width":0,"ocean_custom_logo_max_height":0,"ocean_custom_logo_tablet_max_height":0,"ocean_custom_logo_mobile_max_height":0,"ocean_header_custom_menu":"","ocean_menu_typo_font_family":"","ocean_menu_typo_font_subset":"","ocean_menu_typo_font_size":0,"ocean_menu_typo_font_size_tablet":0,"ocean_menu_typo_font_size_mobile":0,"ocean_menu_typo_font_size_unit":"px","ocean_menu_typo_font_weight":"","ocean_menu_typo_font_weight_tablet":"","ocean_menu_typo_font_weight_mobile":"","ocean_menu_typo_transform":"","ocean_menu_typo_transform_tablet":"","ocean_menu_typo_transform_mobile":"","ocean_menu_typo_line_height":0,"ocean_menu_typo_line_height_tablet":0,"ocean_menu_typo_line_height_mobile":0,"ocean_menu_typo_line_height_unit":"","ocean_menu_typo_spacing":0,"ocean_menu_typo_spacing_tablet":0,"ocean_menu_typo_spacing_mobile":0,"ocean_menu_typo_spacing_unit":"","ocean_menu_link_color":"","ocean_menu_link_color_hover":"","ocean_menu_link_color_active":"","ocean_menu_link_background":"","ocean_menu_link_hover_background":"","ocean_menu_link_active_background":"","ocean_menu_social_links_bg":"","ocean_menu_social_hover_links_bg":"","ocean_menu_social_links_color":"","ocean_menu_social_hover_links_color":"","ocean_disable_title":"default","ocean_disable_heading":"default","ocean_post_title":"","ocean_post_subheading":"","ocean_post_title_style":"","ocean_post_title_background_color":"","ocean_post_title_background":0,"ocean_post_title_bg_image_position":"","ocean_post_title_bg_image_attachment":"","ocean_post_title_bg_image_repeat":"","ocean_post_title_bg_image_size":"","ocean_post_title_height":0,"ocean_post_title_bg_overlay":0.5,"ocean_post_title_bg_overlay_color":"","ocean_disable_breadcrumbs":"default","ocean_breadcrumbs_color":"","ocean_breadcrumbs_separator_color":"","ocean_breadcrumbs_links_color":"","ocean_breadcrumbs_links_hover_color":"","ocean_display_footer_widgets":"default","ocean_display_footer_bottom":"default","ocean_custom_footer_template":"","footnotes":""},"class_list":["post-1816","page","type-page","status-publish","hentry","entry"],"yoast_head":"<!-- This site is optimized with the Yoast SEO plugin v27.1.1 - https:\/\/yoast.com\/product\/yoast-seo-wordpress\/ -->\n<title>Broyage avec \u00e9pareuse - Entreprise Berthier<\/title>\n<meta name=\"robots\" content=\"index, follow, max-snippet:-1, max-image-preview:large, max-video-preview:-1\" \/>\n<link rel=\"canonical\" href=\"https:\/\/berthierbroyage.fr\/index.php\/broyage-avec-epareuse\/\" \/>\n<meta property=\"og:locale\" content=\"fr_FR\" \/>\n<meta property=\"og:type\" content=\"article\" \/>\n<meta property=\"og:title\" content=\"Broyage avec \u00e9pareuse - Entreprise Berthier\" \/>\n<meta property=\"og:description\" content=\"Broyage avec \u00e9pareuse L&rsquo;entretien des accotements routiers et des chemins ruraux pour les collectivit\u00e9s avec le fauchage des bords de route Le d\u00e9broussaille de terrains divers pour entretien de saison ou d\u00e9frichage L&rsquo;entretien des foss\u00e9s par broyage Nos \u00e9pareuses sont \u00e9quip\u00e9es d&rsquo;un bras t\u00e9lescopique d&rsquo;une port\u00e9e de 9 m\u00e8tres maximum. Afin de s&rsquo;adapter \u00e0 diff\u00e9rents type de travaux, les machines peuvent \u00eatre \u00e9quip\u00e9es d&rsquo;un broyeur frontal et de diff\u00e9rents groupes de broyage pour herbe, ronces, arbustes&#8230; Nous intervenons dans le respect de la biodiversit\u00e9 et nous assurons un fauchage raisonn\u00e9 des accotements routiers \u00e0 l&rsquo;aide de passes s\u00e9lectives selon la saison et le type de v\u00e9g\u00e9tation.\u00a0\" \/>\n<meta property=\"og:url\" content=\"https:\/\/berthierbroyage.fr\/index.php\/broyage-avec-epareuse\/\" \/>\n<meta property=\"og:site_name\" content=\"Entreprise Berthier\" \/>\n<meta property=\"article:modified_time\" content=\"2026-03-11T16:39:16+00:00\" \/>\n<meta property=\"og:image\" content=\"http:\/\/berthierbroyage.fr\/wp-content\/uploads\/2026\/03\/IMG_20161209_135609-768x1024.jpg\" \/>\n<meta name=\"twitter:card\" content=\"summary_large_image\" \/>\n<meta name=\"twitter:label1\" content=\"Dur\u00e9e de lecture estim\u00e9e\" \/>\n\t<meta name=\"twitter:data1\" content=\"1 minute\" \/>\n<script type=\"application\/ld+json\" class=\"yoast-schema-graph\">{\"@context\":\"https:\/\/schema.org\",\"@graph\":[{\"@type\":\"WebPage\",\"@id\":\"https:\/\/berthierbroyage.fr\/index.php\/broyage-avec-epareuse\/\",\"url\":\"https:\/\/berthierbroyage.fr\/index.php\/broyage-avec-epareuse\/\",\"name\":\"Broyage avec \u00e9pareuse - Entreprise Berthier\",\"isPartOf\":{\"@id\":\"https:\/\/berthierbroyage.fr\/#website\"},\"primaryImageOfPage\":{\"@id\":\"https:\/\/berthierbroyage.fr\/index.php\/broyage-avec-epareuse\/#primaryimage\"},\"image\":{\"@id\":\"https:\/\/berthierbroyage.fr\/index.php\/broyage-avec-epareuse\/#primaryimage\"},\"thumbnailUrl\":\"http:\/\/berthierbroyage.fr\/wp-content\/uploads\/2026\/03\/IMG_20161209_135609-768x1024.jpg\",\"datePublished\":\"2026-03-06T20:45:09+00:00\",\"dateModified\":\"2026-03-11T16:39:16+00:00\",\"breadcrumb\":{\"@id\":\"https:\/\/berthierbroyage.fr\/index.php\/broyage-avec-epareuse\/#breadcrumb\"},\"inLanguage\":\"fr-FR\",\"potentialAction\":[{\"@type\":\"ReadAction\",\"target\":[\"https:\/\/berthierbroyage.fr\/index.php\/broyage-avec-epareuse\/\"]}]},{\"@type\":\"ImageObject\",\"inLanguage\":\"fr-FR\",\"@id\":\"https:\/\/berthierbroyage.fr\/index.php\/broyage-avec-epareuse\/#primaryimage\",\"url\":\"https:\/\/berthierbroyage.fr\/wp-content\/uploads\/2026\/03\/IMG_20161209_135609-scaled.jpg\",\"contentUrl\":\"https:\/\/berthierbroyage.fr\/wp-content\/uploads\/2026\/03\/IMG_20161209_135609-scaled.jpg\",\"width\":1920,\"height\":2560},{\"@type\":\"BreadcrumbList\",\"@id\":\"https:\/\/berthierbroyage.fr\/index.php\/broyage-avec-epareuse\/#breadcrumb\",\"itemListElement\":[{\"@type\":\"ListItem\",\"position\":1,\"name\":\"Accueil\",\"item\":\"https:\/\/berthierbroyage.fr\/\"},{\"@type\":\"ListItem\",\"position\":2,\"name\":\"Broyage avec \u00e9pareuse\"}]},{\"@type\":\"WebSite\",\"@id\":\"https:\/\/berthierbroyage.fr\/#website\",\"url\":\"https:\/\/berthierbroyage.fr\/\",\"name\":\"Entreprise Berthier\",\"description\":\"Expert en broyage et traitement des d\u00e9chets v\u00e9g\u00e9taux\",\"publisher\":{\"@id\":\"https:\/\/berthierbroyage.fr\/#organization\"},\"potentialAction\":[{\"@type\":\"SearchAction\",\"target\":{\"@type\":\"EntryPoint\",\"urlTemplate\":\"https:\/\/berthierbroyage.fr\/?s={search_term_string}\"},\"query-input\":{\"@type\":\"PropertyValueSpecification\",\"valueRequired\":true,\"valueName\":\"search_term_string\"}}],\"inLanguage\":\"fr-FR\"},{\"@type\":\"Organization\",\"@id\":\"https:\/\/berthierbroyage.fr\/#organization\",\"name\":\"Entreprise Berthier\",\"url\":\"https:\/\/berthierbroyage.fr\/\",\"logo\":{\"@type\":\"ImageObject\",\"inLanguage\":\"fr-FR\",\"@id\":\"https:\/\/berthierbroyage.fr\/#\/schema\/logo\/image\/\",\"url\":\"https:\/\/berthierbroyage.fr\/wp-content\/uploads\/2025\/04\/cropped-cropped-berthier-logo-pour-impression-3VET-01-1.webp\",\"contentUrl\":\"https:\/\/berthierbroyage.fr\/wp-content\/uploads\/2025\/04\/cropped-cropped-berthier-logo-pour-impression-3VET-01-1.webp\",\"width\":1999,\"height\":812,\"caption\":\"Entreprise Berthier\"},\"image\":{\"@id\":\"https:\/\/berthierbroyage.fr\/#\/schema\/logo\/image\/\"}}]}<\/script>\n<!-- \/ Yoast SEO plugin. -->","yoast_head_json":{"title":"Broyage avec \u00e9pareuse - Entreprise Berthier","robots":{"index":"index","follow":"follow","max-snippet":"max-snippet:-1","max-image-preview":"max-image-preview:large","max-video-preview":"max-video-preview:-1"},"canonical":"https:\/\/berthierbroyage.fr\/index.php\/broyage-avec-epareuse\/","og_locale":"fr_FR","og_type":"article","og_title":"Broyage avec \u00e9pareuse - Entreprise Berthier","og_description":"Broyage avec \u00e9pareuse L&rsquo;entretien des accotements routiers et des chemins ruraux pour les collectivit\u00e9s avec le fauchage des bords de route Le d\u00e9broussaille de terrains divers pour entretien de saison ou d\u00e9frichage L&rsquo;entretien des foss\u00e9s par broyage Nos \u00e9pareuses sont \u00e9quip\u00e9es d&rsquo;un bras t\u00e9lescopique d&rsquo;une port\u00e9e de 9 m\u00e8tres maximum. Afin de s&rsquo;adapter \u00e0 diff\u00e9rents type de travaux, les machines peuvent \u00eatre \u00e9quip\u00e9es d&rsquo;un broyeur frontal et de diff\u00e9rents groupes de broyage pour herbe, ronces, arbustes&#8230; Nous intervenons dans le respect de la biodiversit\u00e9 et nous assurons un fauchage raisonn\u00e9 des accotements routiers \u00e0 l&rsquo;aide de passes s\u00e9lectives selon la saison et le type de v\u00e9g\u00e9tation.\u00a0","og_url":"https:\/\/berthierbroyage.fr\/index.php\/broyage-avec-epareuse\/","og_site_name":"Entreprise Berthier","article_modified_time":"2026-03-11T16:39:16+00:00","og_image":[{"url":"http:\/\/berthierbroyage.fr\/wp-content\/uploads\/2026\/03\/IMG_20161209_135609-768x1024.jpg","type":"","width":"","height":""}],"twitter_card":"summary_large_image","twitter_misc":{"Dur\u00e9e de lecture estim\u00e9e":"1 minute"},"schema":{"@context":"https:\/\/schema.org","@graph":[{"@type":"WebPage","@id":"https:\/\/berthierbroyage.fr\/index.php\/broyage-avec-epareuse\/","url":"https:\/\/berthierbroyage.fr\/index.php\/broyage-avec-epareuse\/","name":"Broyage avec \u00e9pareuse - Entreprise Berthier","isPartOf":{"@id":"https:\/\/berthierbroyage.fr\/#website"},"primaryImageOfPage":{"@id":"https:\/\/berthierbroyage.fr\/index.php\/broyage-avec-epareuse\/#primaryimage"},"image":{"@id":"https:\/\/berthierbroyage.fr\/index.php\/broyage-avec-epareuse\/#primaryimage"},"thumbnailUrl":"http:\/\/berthierbroyage.fr\/wp-content\/uploads\/2026\/03\/IMG_20161209_135609-768x1024.jpg","datePublished":"2026-03-06T20:45:09+00:00","dateModified":"2026-03-11T16:39:16+00:00","breadcrumb":{"@id":"https:\/\/berthierbroyage.fr\/index.php\/broyage-avec-epareuse\/#breadcrumb"},"inLanguage":"fr-FR","potentialAction":[{"@type":"ReadAction","target":["https:\/\/berthierbroyage.fr\/index.php\/broyage-avec-epareuse\/"]}]},{"@type":"ImageObject","inLanguage":"fr-FR","@id":"https:\/\/berthierbroyage.fr\/index.php\/broyage-avec-epareuse\/#primaryimage","url":"https:\/\/berthierbroyage.fr\/wp-content\/uploads\/2026\/03\/IMG_20161209_135609-scaled.jpg","contentUrl":"https:\/\/berthierbroyage.fr\/wp-content\/uploads\/2026\/03\/IMG_20161209_135609-scaled.jpg","width":1920,"height":2560},{"@type":"BreadcrumbList","@id":"https:\/\/berthierbroyage.fr\/index.php\/broyage-avec-epareuse\/#breadcrumb","itemListElement":[{"@type":"ListItem","position":1,"name":"Accueil","item":"https:\/\/berthierbroyage.fr\/"},{"@type":"ListItem","position":2,"name":"Broyage avec \u00e9pareuse"}]},{"@type":"WebSite","@id":"https:\/\/berthierbroyage.fr\/#website","url":"https:\/\/berthierbroyage.fr\/","name":"Entreprise Berthier","description":"Expert en broyage et traitement des d\u00e9chets v\u00e9g\u00e9taux","publisher":{"@id":"https:\/\/berthierbroyage.fr\/#organization"},"potentialAction":[{"@type":"SearchAction","target":{"@type":"EntryPoint","urlTemplate":"https:\/\/berthierbroyage.fr\/?s={search_term_string}"},"query-input":{"@type":"PropertyValueSpecification","valueRequired":true,"valueName":"search_term_string"}}],"inLanguage":"fr-FR"},{"@type":"Organization","@id":"https:\/\/berthierbroyage.fr\/#organization","name":"Entreprise Berthier","url":"https:\/\/berthierbroyage.fr\/","logo":{"@type":"ImageObject","inLanguage":"fr-FR","@id":"https:\/\/berthierbroyage.fr\/#\/schema\/logo\/image\/","url":"https:\/\/berthierbroyage.fr\/wp-content\/uploads\/2025\/04\/cropped-cropped-berthier-logo-pour-impression-3VET-01-1.webp","contentUrl":"https:\/\/berthierbroyage.fr\/wp-content\/uploads\/2025\/04\/cropped-cropped-berthier-logo-pour-impression-3VET-01-1.webp","width":1999,"height":812,"caption":"Entreprise Berthier"},"image":{"@id":"https:\/\/berthierbroyage.fr\/#\/schema\/logo\/image\/"}}]}},"_links":{"self":[{"href":"https:\/\/berthierbroyage.fr\/index.php\/wp-json\/wp\/v2\/pages\/1816","targetHints":{"allow":["GET"]}}],"collection":[{"href":"https:\/\/berthierbroyage.fr\/index.php\/wp-json\/wp\/v2\/pages"}],"about":[{"href":"https:\/\/berthierbroyage.fr\/index.php\/wp-json\/wp\/v2\/types\/page"}],"author":[{"embeddable":true,"href":"https:\/\/berthierbroyage.fr\/index.php\/wp-json\/wp\/v2\/users\/1"}],"replies":[{"embeddable":true,"href":"https:\/\/berthierbroyage.fr\/index.php\/wp-json\/wp\/v2\/comments?post=1816"}],"version-history":[{"count":31,"href":"https:\/\/berthierbroyage.fr\/index.php\/wp-json\/wp\/v2\/pages\/1816\/revisions"}],"predecessor-version":[{"id":2088,"href":"https:\/\/berthierbroyage.fr\/index.php\/wp-json\/wp\/v2\/pages\/1816\/revisions\/2088"}],"wp:attachment":[{"href":"https:\/\/berthierbroyage.fr\/index.php\/wp-json\/wp\/v2\/media?parent=1816"}],"curies":[{"name":"wp","href":"https:\/\/api.w.org\/{rel}","templated":true}]}}