{"id":1846,"date":"2026-03-06T21:53:47","date_gmt":"2026-03-06T20:53:47","guid":{"rendered":"https:\/\/berthierbroyage.fr\/?page_id=1846"},"modified":"2026-03-11T17:39:41","modified_gmt":"2026-03-11T16:39:41","slug":"taille-de-haies-2","status":"publish","type":"page","link":"https:\/\/berthierbroyage.fr\/index.php\/taille-de-haies-2\/","title":{"rendered":"Taille de haies"},"content":{"rendered":"\t\t<div data-elementor-type=\"wp-page\" data-elementor-id=\"1846\" class=\"elementor elementor-1846\">\n\t\t\t\t<div class=\"elementor-element elementor-element-3cecfd4 e-flex e-con-boxed wpr-particle-no wpr-jarallax-no wpr-parallax-no wpr-sticky-section-no e-con e-parent\" data-id=\"3cecfd4\" data-element_type=\"container\" data-e-type=\"container\">\n\t\t\t\t\t<div class=\"e-con-inner\">\n\t\t<div class=\"elementor-element elementor-element-d6bcce0 e-con-full e-flex wpr-particle-no wpr-jarallax-no wpr-parallax-no wpr-sticky-section-no e-con e-child\" data-id=\"d6bcce0\" data-element_type=\"container\" data-e-type=\"container\">\n\t\t\t\t<div class=\"elementor-element elementor-element-9f1412f elementor-widget elementor-widget-heading\" data-id=\"9f1412f\" data-element_type=\"widget\" data-e-type=\"widget\" data-widget_type=\"heading.default\">\n\t\t\t\t<div class=\"elementor-widget-container\">\n\t\t\t\t\t<h2 class=\"elementor-heading-title elementor-size-default\">Taille de haies<\/h2>\t\t\t\t<\/div>\n\t\t\t\t<\/div>\n\t\t\t\t<\/div>\n\t\t\t\t\t<\/div>\n\t\t\t\t<\/div>\n\t\t<div class=\"elementor-element elementor-element-f20224e e-flex e-con-boxed wpr-particle-no wpr-jarallax-no wpr-parallax-no wpr-sticky-section-no e-con e-parent\" data-id=\"f20224e\" data-element_type=\"container\" data-e-type=\"container\">\n\t\t\t\t\t<div class=\"e-con-inner\">\n\t\t<div class=\"elementor-element elementor-element-950bc3a e-con-full e-flex wpr-particle-no wpr-jarallax-no wpr-parallax-no wpr-sticky-section-no e-con e-child\" data-id=\"950bc3a\" data-element_type=\"container\" data-e-type=\"container\">\n\t\t\t\t<div class=\"elementor-element elementor-element-eeb8fb7 elementor-widget__width-initial elementor-widget elementor-widget-text-editor\" data-id=\"eeb8fb7\" data-element_type=\"widget\" data-e-type=\"widget\" data-widget_type=\"text-editor.default\">\n\t\t\t\t<div class=\"elementor-widget-container\">\n\t\t\t\t\t\t\t\t\t<p>Notre entreprise assure\u00a0<\/p><ul><li><strong>Un entretien annuel de vos haies d&rsquo;arbustes<\/strong> (lauriers, thuyas, haies sauvages&#8230;) alliant maitrises des repousses et esth\u00e9tisme.\u00a0<\/li><li><strong>Pour la remise en \u00e9tat de vos haies avec une taille d&rsquo;abaissement<\/strong> afin de contr\u00f4ler la croissance des v\u00e9g\u00e9taux et favoriser une nouvelle croissance plus saine.\u00a0<\/li><li><strong>Pour une \u00e9talage d&rsquo;une port\u00e9e de 7 m\u00e8tres pour les haies foresti\u00e8res.<\/strong><\/li><li><strong>Evacuation et broyage des v\u00e9g\u00e9taux<\/strong> en quantit\u00e9s suffisantes peuvent \u00eatre effectu\u00e9s \u00e0 la demande.\u00a0<\/li><\/ul>\t\t\t\t\t\t\t\t<\/div>\n\t\t\t\t<\/div>\n\t\t\t\t<\/div>\n\t\t<div class=\"elementor-element elementor-element-e98e0f6 e-con-full e-flex wpr-particle-no wpr-jarallax-no wpr-parallax-no wpr-sticky-section-no e-con e-child\" data-id=\"e98e0f6\" data-element_type=\"container\" data-e-type=\"container\">\n\t\t<div class=\"elementor-element elementor-element-aaba3f9 e-con-full e-flex wpr-particle-no wpr-jarallax-no wpr-parallax-no wpr-sticky-section-no e-con e-child\" data-id=\"aaba3f9\" data-element_type=\"container\" data-e-type=\"container\">\n\t\t\t\t<div class=\"elementor-element elementor-element-ce1447f elementor-widget elementor-widget-image\" data-id=\"ce1447f\" data-element_type=\"widget\" data-e-type=\"widget\" data-widget_type=\"image.default\">\n\t\t\t\t<div class=\"elementor-widget-container\">\n\t\t\t\t\t\t\t\t\t\t\t\t\t\t\t<img fetchpriority=\"high\" decoding=\"async\" width=\"600\" height=\"434\" src=\"https:\/\/berthierbroyage.fr\/wp-content\/uploads\/2025\/04\/tracteurcoupehaie__028593200_1723_19102009.jpg\" class=\"attachment-large size-large wp-image-1356\" alt=\"\" srcset=\"https:\/\/berthierbroyage.fr\/wp-content\/uploads\/2025\/04\/tracteurcoupehaie__028593200_1723_19102009.jpg 600w, https:\/\/berthierbroyage.fr\/wp-content\/uploads\/2025\/04\/tracteurcoupehaie__028593200_1723_19102009-300x217.jpg 300w\" sizes=\"(max-width: 600px) 100vw, 600px\" \/>\t\t\t\t\t\t\t\t\t\t\t\t\t\t\t<\/div>\n\t\t\t\t<\/div>\n\t\t\t\t<\/div>\n\t\t\t\t<\/div>\n\t\t\t\t\t<\/div>\n\t\t\t\t<\/div>\n\t\t\t\t<\/div>\n\t\t","protected":false},"excerpt":{"rendered":"<p>Taille de haies Notre entreprise assure\u00a0 Un entretien annuel de vos haies d&rsquo;arbustes (lauriers, thuyas, haies sauvages&#8230;) alliant maitrises des repousses et esth\u00e9tisme.\u00a0 Pour la remise en \u00e9tat de vos haies avec une taille d&rsquo;abaissement afin de contr\u00f4ler la croissance des v\u00e9g\u00e9taux et favoriser une nouvelle croissance plus saine.\u00a0 Pour une \u00e9talage d&rsquo;une port\u00e9e de 7 m\u00e8tres pour les haies foresti\u00e8res. Evacuation et broyage des v\u00e9g\u00e9taux en quantit\u00e9s suffisantes peuvent \u00eatre effectu\u00e9s \u00e0 la demande.\u00a0<\/p>\n","protected":false},"author":1,"featured_media":0,"parent":0,"menu_order":0,"comment_status":"closed","ping_status":"closed","template":"elementor_header_footer","meta":{"ocean_post_layout":"","ocean_both_sidebars_style":"","ocean_both_sidebars_content_width":0,"ocean_both_sidebars_sidebars_width":0,"ocean_sidebar":"","ocean_second_sidebar":"","ocean_disable_margins":"enable","ocean_add_body_class":"","ocean_shortcode_before_top_bar":"","ocean_shortcode_after_top_bar":"","ocean_shortcode_before_header":"","ocean_shortcode_after_header":"","ocean_has_shortcode":"","ocean_shortcode_after_title":"","ocean_shortcode_before_footer_widgets":"","ocean_shortcode_after_footer_widgets":"","ocean_shortcode_before_footer_bottom":"","ocean_shortcode_after_footer_bottom":"","ocean_display_top_bar":"default","ocean_display_header":"default","ocean_header_style":"","ocean_center_header_left_menu":"","ocean_custom_header_template":"","ocean_custom_logo":0,"ocean_custom_retina_logo":0,"ocean_custom_logo_max_width":0,"ocean_custom_logo_tablet_max_width":0,"ocean_custom_logo_mobile_max_width":0,"ocean_custom_logo_max_height":0,"ocean_custom_logo_tablet_max_height":0,"ocean_custom_logo_mobile_max_height":0,"ocean_header_custom_menu":"","ocean_menu_typo_font_family":"","ocean_menu_typo_font_subset":"","ocean_menu_typo_font_size":0,"ocean_menu_typo_font_size_tablet":0,"ocean_menu_typo_font_size_mobile":0,"ocean_menu_typo_font_size_unit":"px","ocean_menu_typo_font_weight":"","ocean_menu_typo_font_weight_tablet":"","ocean_menu_typo_font_weight_mobile":"","ocean_menu_typo_transform":"","ocean_menu_typo_transform_tablet":"","ocean_menu_typo_transform_mobile":"","ocean_menu_typo_line_height":0,"ocean_menu_typo_line_height_tablet":0,"ocean_menu_typo_line_height_mobile":0,"ocean_menu_typo_line_height_unit":"","ocean_menu_typo_spacing":0,"ocean_menu_typo_spacing_tablet":0,"ocean_menu_typo_spacing_mobile":0,"ocean_menu_typo_spacing_unit":"","ocean_menu_link_color":"","ocean_menu_link_color_hover":"","ocean_menu_link_color_active":"","ocean_menu_link_background":"","ocean_menu_link_hover_background":"","ocean_menu_link_active_background":"","ocean_menu_social_links_bg":"","ocean_menu_social_hover_links_bg":"","ocean_menu_social_links_color":"","ocean_menu_social_hover_links_color":"","ocean_disable_title":"default","ocean_disable_heading":"default","ocean_post_title":"","ocean_post_subheading":"","ocean_post_title_style":"","ocean_post_title_background_color":"","ocean_post_title_background":0,"ocean_post_title_bg_image_position":"","ocean_post_title_bg_image_attachment":"","ocean_post_title_bg_image_repeat":"","ocean_post_title_bg_image_size":"","ocean_post_title_height":0,"ocean_post_title_bg_overlay":0.5,"ocean_post_title_bg_overlay_color":"","ocean_disable_breadcrumbs":"default","ocean_breadcrumbs_color":"","ocean_breadcrumbs_separator_color":"","ocean_breadcrumbs_links_color":"","ocean_breadcrumbs_links_hover_color":"","ocean_display_footer_widgets":"default","ocean_display_footer_bottom":"default","ocean_custom_footer_template":"","footnotes":""},"class_list":["post-1846","page","type-page","status-publish","hentry","entry"],"yoast_head":"<!-- This site is optimized with the Yoast SEO plugin v27.1.1 - https:\/\/yoast.com\/product\/yoast-seo-wordpress\/ -->\n<title>Taille de haies - Entreprise Berthier<\/title>\n<meta name=\"description\" content=\"Service de criblage \u00e0 Saint-Genix-sur-Guiers : tri et valorisation des mat\u00e9riaux pour chantiers, terrassement et am\u00e9nagement. Intervention rapide en Savoie et alentours.\" \/>\n<meta name=\"robots\" content=\"index, follow, max-snippet:-1, max-image-preview:large, max-video-preview:-1\" \/>\n<link rel=\"canonical\" href=\"https:\/\/berthierbroyage.fr\/index.php\/taille-de-haies-2\/\" \/>\n<meta property=\"og:locale\" content=\"fr_FR\" \/>\n<meta property=\"og:type\" content=\"article\" \/>\n<meta property=\"og:title\" content=\"Taille de haies - Entreprise Berthier\" \/>\n<meta property=\"og:description\" content=\"Service de criblage \u00e0 Saint-Genix-sur-Guiers : tri et valorisation des mat\u00e9riaux pour chantiers, terrassement et am\u00e9nagement. Intervention rapide en Savoie et alentours.\" \/>\n<meta property=\"og:url\" content=\"https:\/\/berthierbroyage.fr\/index.php\/taille-de-haies-2\/\" \/>\n<meta property=\"og:site_name\" content=\"Entreprise Berthier\" \/>\n<meta property=\"article:modified_time\" content=\"2026-03-11T16:39:41+00:00\" \/>\n<meta property=\"og:image\" content=\"http:\/\/berthierbroyage.fr\/wp-content\/uploads\/2025\/04\/tracteurcoupehaie__028593200_1723_19102009.jpg\" \/>\n<meta name=\"twitter:card\" content=\"summary_large_image\" \/>\n<meta name=\"twitter:label1\" content=\"Dur\u00e9e de lecture estim\u00e9e\" \/>\n\t<meta name=\"twitter:data1\" content=\"1 minute\" \/>\n<script type=\"application\/ld+json\" class=\"yoast-schema-graph\">{\"@context\":\"https:\/\/schema.org\",\"@graph\":[{\"@type\":\"WebPage\",\"@id\":\"https:\/\/berthierbroyage.fr\/index.php\/taille-de-haies-2\/\",\"url\":\"https:\/\/berthierbroyage.fr\/index.php\/taille-de-haies-2\/\",\"name\":\"Taille de haies - Entreprise Berthier\",\"isPartOf\":{\"@id\":\"https:\/\/berthierbroyage.fr\/#website\"},\"primaryImageOfPage\":{\"@id\":\"https:\/\/berthierbroyage.fr\/index.php\/taille-de-haies-2\/#primaryimage\"},\"image\":{\"@id\":\"https:\/\/berthierbroyage.fr\/index.php\/taille-de-haies-2\/#primaryimage\"},\"thumbnailUrl\":\"http:\/\/berthierbroyage.fr\/wp-content\/uploads\/2025\/04\/tracteurcoupehaie__028593200_1723_19102009.jpg\",\"datePublished\":\"2026-03-06T20:53:47+00:00\",\"dateModified\":\"2026-03-11T16:39:41+00:00\",\"description\":\"Service de criblage \u00e0 Saint-Genix-sur-Guiers : tri et valorisation des mat\u00e9riaux pour chantiers, terrassement et am\u00e9nagement. Intervention rapide en Savoie et alentours.\",\"breadcrumb\":{\"@id\":\"https:\/\/berthierbroyage.fr\/index.php\/taille-de-haies-2\/#breadcrumb\"},\"inLanguage\":\"fr-FR\",\"potentialAction\":[{\"@type\":\"ReadAction\",\"target\":[\"https:\/\/berthierbroyage.fr\/index.php\/taille-de-haies-2\/\"]}]},{\"@type\":\"ImageObject\",\"inLanguage\":\"fr-FR\",\"@id\":\"https:\/\/berthierbroyage.fr\/index.php\/taille-de-haies-2\/#primaryimage\",\"url\":\"https:\/\/berthierbroyage.fr\/wp-content\/uploads\/2025\/04\/tracteurcoupehaie__028593200_1723_19102009.jpg\",\"contentUrl\":\"https:\/\/berthierbroyage.fr\/wp-content\/uploads\/2025\/04\/tracteurcoupehaie__028593200_1723_19102009.jpg\",\"width\":600,\"height\":434},{\"@type\":\"BreadcrumbList\",\"@id\":\"https:\/\/berthierbroyage.fr\/index.php\/taille-de-haies-2\/#breadcrumb\",\"itemListElement\":[{\"@type\":\"ListItem\",\"position\":1,\"name\":\"Accueil\",\"item\":\"https:\/\/berthierbroyage.fr\/\"},{\"@type\":\"ListItem\",\"position\":2,\"name\":\"Taille de haies\"}]},{\"@type\":\"WebSite\",\"@id\":\"https:\/\/berthierbroyage.fr\/#website\",\"url\":\"https:\/\/berthierbroyage.fr\/\",\"name\":\"Entreprise Berthier\",\"description\":\"Expert en broyage et traitement des d\u00e9chets v\u00e9g\u00e9taux\",\"publisher\":{\"@id\":\"https:\/\/berthierbroyage.fr\/#organization\"},\"potentialAction\":[{\"@type\":\"SearchAction\",\"target\":{\"@type\":\"EntryPoint\",\"urlTemplate\":\"https:\/\/berthierbroyage.fr\/?s={search_term_string}\"},\"query-input\":{\"@type\":\"PropertyValueSpecification\",\"valueRequired\":true,\"valueName\":\"search_term_string\"}}],\"inLanguage\":\"fr-FR\"},{\"@type\":\"Organization\",\"@id\":\"https:\/\/berthierbroyage.fr\/#organization\",\"name\":\"Entreprise Berthier\",\"url\":\"https:\/\/berthierbroyage.fr\/\",\"logo\":{\"@type\":\"ImageObject\",\"inLanguage\":\"fr-FR\",\"@id\":\"https:\/\/berthierbroyage.fr\/#\/schema\/logo\/image\/\",\"url\":\"https:\/\/berthierbroyage.fr\/wp-content\/uploads\/2025\/04\/cropped-cropped-berthier-logo-pour-impression-3VET-01-1.webp\",\"contentUrl\":\"https:\/\/berthierbroyage.fr\/wp-content\/uploads\/2025\/04\/cropped-cropped-berthier-logo-pour-impression-3VET-01-1.webp\",\"width\":1999,\"height\":812,\"caption\":\"Entreprise Berthier\"},\"image\":{\"@id\":\"https:\/\/berthierbroyage.fr\/#\/schema\/logo\/image\/\"}}]}<\/script>\n<!-- \/ Yoast SEO plugin. -->","yoast_head_json":{"title":"Taille de haies - Entreprise Berthier","description":"Service de criblage \u00e0 Saint-Genix-sur-Guiers : tri et valorisation des mat\u00e9riaux pour chantiers, terrassement et am\u00e9nagement. Intervention rapide en Savoie et alentours.","robots":{"index":"index","follow":"follow","max-snippet":"max-snippet:-1","max-image-preview":"max-image-preview:large","max-video-preview":"max-video-preview:-1"},"canonical":"https:\/\/berthierbroyage.fr\/index.php\/taille-de-haies-2\/","og_locale":"fr_FR","og_type":"article","og_title":"Taille de haies - Entreprise Berthier","og_description":"Service de criblage \u00e0 Saint-Genix-sur-Guiers : tri et valorisation des mat\u00e9riaux pour chantiers, terrassement et am\u00e9nagement. Intervention rapide en Savoie et alentours.","og_url":"https:\/\/berthierbroyage.fr\/index.php\/taille-de-haies-2\/","og_site_name":"Entreprise Berthier","article_modified_time":"2026-03-11T16:39:41+00:00","og_image":[{"url":"http:\/\/berthierbroyage.fr\/wp-content\/uploads\/2025\/04\/tracteurcoupehaie__028593200_1723_19102009.jpg","type":"","width":"","height":""}],"twitter_card":"summary_large_image","twitter_misc":{"Dur\u00e9e de lecture estim\u00e9e":"1 minute"},"schema":{"@context":"https:\/\/schema.org","@graph":[{"@type":"WebPage","@id":"https:\/\/berthierbroyage.fr\/index.php\/taille-de-haies-2\/","url":"https:\/\/berthierbroyage.fr\/index.php\/taille-de-haies-2\/","name":"Taille de haies - Entreprise Berthier","isPartOf":{"@id":"https:\/\/berthierbroyage.fr\/#website"},"primaryImageOfPage":{"@id":"https:\/\/berthierbroyage.fr\/index.php\/taille-de-haies-2\/#primaryimage"},"image":{"@id":"https:\/\/berthierbroyage.fr\/index.php\/taille-de-haies-2\/#primaryimage"},"thumbnailUrl":"http:\/\/berthierbroyage.fr\/wp-content\/uploads\/2025\/04\/tracteurcoupehaie__028593200_1723_19102009.jpg","datePublished":"2026-03-06T20:53:47+00:00","dateModified":"2026-03-11T16:39:41+00:00","description":"Service de criblage \u00e0 Saint-Genix-sur-Guiers : tri et valorisation des mat\u00e9riaux pour chantiers, terrassement et am\u00e9nagement. Intervention rapide en Savoie et alentours.","breadcrumb":{"@id":"https:\/\/berthierbroyage.fr\/index.php\/taille-de-haies-2\/#breadcrumb"},"inLanguage":"fr-FR","potentialAction":[{"@type":"ReadAction","target":["https:\/\/berthierbroyage.fr\/index.php\/taille-de-haies-2\/"]}]},{"@type":"ImageObject","inLanguage":"fr-FR","@id":"https:\/\/berthierbroyage.fr\/index.php\/taille-de-haies-2\/#primaryimage","url":"https:\/\/berthierbroyage.fr\/wp-content\/uploads\/2025\/04\/tracteurcoupehaie__028593200_1723_19102009.jpg","contentUrl":"https:\/\/berthierbroyage.fr\/wp-content\/uploads\/2025\/04\/tracteurcoupehaie__028593200_1723_19102009.jpg","width":600,"height":434},{"@type":"BreadcrumbList","@id":"https:\/\/berthierbroyage.fr\/index.php\/taille-de-haies-2\/#breadcrumb","itemListElement":[{"@type":"ListItem","position":1,"name":"Accueil","item":"https:\/\/berthierbroyage.fr\/"},{"@type":"ListItem","position":2,"name":"Taille de haies"}]},{"@type":"WebSite","@id":"https:\/\/berthierbroyage.fr\/#website","url":"https:\/\/berthierbroyage.fr\/","name":"Entreprise Berthier","description":"Expert en broyage et traitement des d\u00e9chets v\u00e9g\u00e9taux","publisher":{"@id":"https:\/\/berthierbroyage.fr\/#organization"},"potentialAction":[{"@type":"SearchAction","target":{"@type":"EntryPoint","urlTemplate":"https:\/\/berthierbroyage.fr\/?s={search_term_string}"},"query-input":{"@type":"PropertyValueSpecification","valueRequired":true,"valueName":"search_term_string"}}],"inLanguage":"fr-FR"},{"@type":"Organization","@id":"https:\/\/berthierbroyage.fr\/#organization","name":"Entreprise Berthier","url":"https:\/\/berthierbroyage.fr\/","logo":{"@type":"ImageObject","inLanguage":"fr-FR","@id":"https:\/\/berthierbroyage.fr\/#\/schema\/logo\/image\/","url":"https:\/\/berthierbroyage.fr\/wp-content\/uploads\/2025\/04\/cropped-cropped-berthier-logo-pour-impression-3VET-01-1.webp","contentUrl":"https:\/\/berthierbroyage.fr\/wp-content\/uploads\/2025\/04\/cropped-cropped-berthier-logo-pour-impression-3VET-01-1.webp","width":1999,"height":812,"caption":"Entreprise Berthier"},"image":{"@id":"https:\/\/berthierbroyage.fr\/#\/schema\/logo\/image\/"}}]}},"_links":{"self":[{"href":"https:\/\/berthierbroyage.fr\/index.php\/wp-json\/wp\/v2\/pages\/1846","targetHints":{"allow":["GET"]}}],"collection":[{"href":"https:\/\/berthierbroyage.fr\/index.php\/wp-json\/wp\/v2\/pages"}],"about":[{"href":"https:\/\/berthierbroyage.fr\/index.php\/wp-json\/wp\/v2\/types\/page"}],"author":[{"embeddable":true,"href":"https:\/\/berthierbroyage.fr\/index.php\/wp-json\/wp\/v2\/users\/1"}],"replies":[{"embeddable":true,"href":"https:\/\/berthierbroyage.fr\/index.php\/wp-json\/wp\/v2\/comments?post=1846"}],"version-history":[{"count":35,"href":"https:\/\/berthierbroyage.fr\/index.php\/wp-json\/wp\/v2\/pages\/1846\/revisions"}],"predecessor-version":[{"id":2091,"href":"https:\/\/berthierbroyage.fr\/index.php\/wp-json\/wp\/v2\/pages\/1846\/revisions\/2091"}],"wp:attachment":[{"href":"https:\/\/berthierbroyage.fr\/index.php\/wp-json\/wp\/v2\/media?parent=1846"}],"curies":[{"name":"wp","href":"https:\/\/api.w.org\/{rel}","templated":true}]}}